{"id":4290,"date":"2016-11-11T12:27:10","date_gmt":"2016-11-11T10:27:10","guid":{"rendered":"http:\/\/latvia.afssite.afs.org\/ru\/brivpratiga-darba-vadlinijas\/"},"modified":"2024-07-12T11:55:03","modified_gmt":"2024-07-12T08:55:03","slug":"brivpratiga-darba-vadlinijas","status":"publish","type":"page","link":"https:\/\/afs.lv\/ru\/brivpratiga-darba-vadlinijas\/","title":{"rendered":"Br\u012bvpr\u0101t\u012bga darba vadl\u012bnijas"},"content":{"rendered":"<p>Lai var\u0113tu organiz\u0113t br\u012bvpr\u0101t\u012bgo darbu (BD) organiz\u0101cij\u0101 \u201cAFS Latvija\u201d Starpkult\u016bru programmas (AFS), ir izstr\u0101d\u0101tas \u201eBr\u012bvpr\u0101t\u012bg\u0101 darba pieredzes apliecin\u0101\u0161anas vadl\u012bnijas\u201d. T\u0101s nosaka, ka br\u012bvpr\u0101t\u012bgais ar br\u012bvpr\u0101t\u012bg\u0101 darba organiz\u0113t\u0101ju var sl\u0113gt gan rakstisku, gan mutisku vieno\u0161anos par savu br\u012bvpr\u0101t\u012bgo\u0161anu, k\u0101 ar\u012b br\u012bvpr\u0101t\u012bgaj\u0101 darb\u0101 nostr\u0101d\u0101t\u0101s stundas tiks uzskait\u012btas, atbilsto\u0161i Br\u012bvpr\u0101t\u012bg\u0101 darba likumam.<\/p>\n<p>Tos, kas v\u0113las apliecin\u0101t darba pieredzi sav\u0101s n\u0101kotnes darba viet\u0101s, varam iepriecin\u0101t, jo m\u016bsu organiz\u0101cij\u0101 par br\u012bvpr\u0101t\u012bg\u0101 darba veik\u0161anu var sa\u0146emt AFS apstiprin\u0101tu apliecin\u0101jumu par savu BD nostr\u0101d\u0101to stundu skaitu un g\u016bto pieredzi. Ir iesp\u0113jams izsniegt 3 da\u017e\u0101du l\u012bme\u0146u apliecin\u0101jumus atkar\u012bb\u0101 no nostr\u0101d\u0101to stundu skaita:<\/p>\n<p>Bronzas l\u012bme\u0146a apliecin\u0101jums &#8212; ne maz\u0101k k\u0101 50 BD stundas;<br \/>\nSudraba l\u012bme\u0146a apliecin\u0101jums &#8212; ne maz\u0101k k\u0101 100 BD stundas;<br \/>\nZelta l\u012bme\u0146a apliecin\u0101jums &#8212; ne maz\u0101k k\u0101 150 BD stundas.<\/p>\n<p>Lai viegl\u0101k b\u016btu apkopot BD stundas un aprakst\u012bt veiktos pien\u0101kumus, tie tiek re\u0123istr\u0113ti <a href=\"http:\/\/latvia.afssite.afs.org\/info-brivpratigajiem\/#afs-nav-stundu-uzskaite\"><strong>\u0161aj\u0101 datu b\u0101z\u0113.<\/strong><\/a><\/p>\n","protected":false},"excerpt":{"rendered":"<p>Lai var\u0113tu organiz\u0113t br\u012bvpr\u0101t\u012bgo darbu (BD) organiz\u0101cij\u0101 \u201cAFS Latvija\u201d Starpkult\u016bru programmas (AFS), ir izstr\u0101d\u0101tas \u201eBr\u012bvpr\u0101t\u012bg\u0101 darba pieredzes apliecin\u0101\u0161anas vadl\u012bnijas\u201d. T\u0101s&hellip;<\/p>\n","protected":false},"author":83,"featured_media":0,"parent":0,"menu_order":8,"comment_status":"closed","ping_status":"closed","template":"","meta":{"footnotes":""},"class_list":["post-4290","page","type-page","status-publish","hentry"],"yoast_head":"<!-- This site is optimized with the Yoast SEO plugin v26.6 - https:\/\/yoast.com\/wordpress\/plugins\/seo\/ -->\n<title>Br\u012bvpr\u0101t\u012bga darba vadl\u012bnijas - Latvia<\/title>\n<meta name=\"robots\" content=\"index, follow, max-snippet:-1, max-image-preview:large, max-video-preview:-1\" \/>\n<link rel=\"canonical\" href=\"https:\/\/afs.lv\/ru\/brivpratiga-darba-vadlinijas\/\" \/>\n<meta property=\"og:locale\" content=\"ru_RU\" \/>\n<meta property=\"og:type\" content=\"article\" \/>\n<meta property=\"og:title\" content=\"Br\u012bvpr\u0101t\u012bga darba vadl\u012bnijas - Latvia\" \/>\n<meta property=\"og:description\" content=\"Lai var\u0113tu organiz\u0113t br\u012bvpr\u0101t\u012bgo darbu (BD) organiz\u0101cij\u0101 \u201cAFS Latvija\u201d Starpkult\u016bru programmas (AFS), ir izstr\u0101d\u0101tas \u201eBr\u012bvpr\u0101t\u012bg\u0101 darba pieredzes apliecin\u0101\u0161anas vadl\u012bnijas\u201d. T\u0101s&hellip;\" \/>\n<meta property=\"og:url\" content=\"https:\/\/afs.lv\/ru\/brivpratiga-darba-vadlinijas\/\" \/>\n<meta property=\"og:site_name\" content=\"Latvia\" \/>\n<meta property=\"article:modified_time\" content=\"2024-07-12T08:55:03+00:00\" \/>\n<meta name=\"twitter:card\" content=\"summary_large_image\" \/>\n<meta name=\"twitter:label1\" content=\"Est. reading time\" \/>\n\t<meta name=\"twitter:data1\" content=\"1 minute\" \/>\n<script type=\"application\/ld+json\" class=\"yoast-schema-graph\">{\"@context\":\"https:\/\/schema.org\",\"@graph\":[{\"@type\":\"WebPage\",\"@id\":\"https:\/\/afs.lv\/ru\/brivpratiga-darba-vadlinijas\/\",\"url\":\"https:\/\/afs.lv\/ru\/brivpratiga-darba-vadlinijas\/\",\"name\":\"Br\u012bvpr\u0101t\u012bga darba vadl\u012bnijas - Latvia\",\"isPartOf\":{\"@id\":\"https:\/\/afs.lv\/ru\/#website\"},\"datePublished\":\"2016-11-11T10:27:10+00:00\",\"dateModified\":\"2024-07-12T08:55:03+00:00\",\"breadcrumb\":{\"@id\":\"https:\/\/afs.lv\/ru\/brivpratiga-darba-vadlinijas\/#breadcrumb\"},\"inLanguage\":\"ru-RU\",\"potentialAction\":[{\"@type\":\"ReadAction\",\"target\":[\"https:\/\/afs.lv\/ru\/brivpratiga-darba-vadlinijas\/\"]}]},{\"@type\":\"BreadcrumbList\",\"@id\":\"https:\/\/afs.lv\/ru\/brivpratiga-darba-vadlinijas\/#breadcrumb\",\"itemListElement\":[{\"@type\":\"ListItem\",\"position\":1,\"name\":\"Home\",\"item\":\"https:\/\/afs.lv\/ru\/\"},{\"@type\":\"ListItem\",\"position\":2,\"name\":\"Br\u012bvpr\u0101t\u012bga darba vadl\u012bnijas\"}]},{\"@type\":\"WebSite\",\"@id\":\"https:\/\/afs.lv\/ru\/#website\",\"url\":\"https:\/\/afs.lv\/ru\/\",\"name\":\"Latvia\",\"description\":\"Just another AFS International Platform Sites site\",\"potentialAction\":[{\"@type\":\"SearchAction\",\"target\":{\"@type\":\"EntryPoint\",\"urlTemplate\":\"https:\/\/afs.lv\/ru\/?s={search_term_string}\"},\"query-input\":{\"@type\":\"PropertyValueSpecification\",\"valueRequired\":true,\"valueName\":\"search_term_string\"}}],\"inLanguage\":\"ru-RU\"}]}<\/script>\n<!-- \/ Yoast SEO plugin. -->","yoast_head_json":{"title":"Br\u012bvpr\u0101t\u012bga darba vadl\u012bnijas - Latvia","robots":{"index":"index","follow":"follow","max-snippet":"max-snippet:-1","max-image-preview":"max-image-preview:large","max-video-preview":"max-video-preview:-1"},"canonical":"https:\/\/afs.lv\/ru\/brivpratiga-darba-vadlinijas\/","og_locale":"ru_RU","og_type":"article","og_title":"Br\u012bvpr\u0101t\u012bga darba vadl\u012bnijas - Latvia","og_description":"Lai var\u0113tu organiz\u0113t br\u012bvpr\u0101t\u012bgo darbu (BD) organiz\u0101cij\u0101 \u201cAFS Latvija\u201d Starpkult\u016bru programmas (AFS), ir izstr\u0101d\u0101tas \u201eBr\u012bvpr\u0101t\u012bg\u0101 darba pieredzes apliecin\u0101\u0161anas vadl\u012bnijas\u201d. T\u0101s&hellip;","og_url":"https:\/\/afs.lv\/ru\/brivpratiga-darba-vadlinijas\/","og_site_name":"Latvia","article_modified_time":"2024-07-12T08:55:03+00:00","twitter_card":"summary_large_image","twitter_misc":{"Est. reading time":"1 minute"},"schema":{"@context":"https:\/\/schema.org","@graph":[{"@type":"WebPage","@id":"https:\/\/afs.lv\/ru\/brivpratiga-darba-vadlinijas\/","url":"https:\/\/afs.lv\/ru\/brivpratiga-darba-vadlinijas\/","name":"Br\u012bvpr\u0101t\u012bga darba vadl\u012bnijas - Latvia","isPartOf":{"@id":"https:\/\/afs.lv\/ru\/#website"},"datePublished":"2016-11-11T10:27:10+00:00","dateModified":"2024-07-12T08:55:03+00:00","breadcrumb":{"@id":"https:\/\/afs.lv\/ru\/brivpratiga-darba-vadlinijas\/#breadcrumb"},"inLanguage":"ru-RU","potentialAction":[{"@type":"ReadAction","target":["https:\/\/afs.lv\/ru\/brivpratiga-darba-vadlinijas\/"]}]},{"@type":"BreadcrumbList","@id":"https:\/\/afs.lv\/ru\/brivpratiga-darba-vadlinijas\/#breadcrumb","itemListElement":[{"@type":"ListItem","position":1,"name":"Home","item":"https:\/\/afs.lv\/ru\/"},{"@type":"ListItem","position":2,"name":"Br\u012bvpr\u0101t\u012bga darba vadl\u012bnijas"}]},{"@type":"WebSite","@id":"https:\/\/afs.lv\/ru\/#website","url":"https:\/\/afs.lv\/ru\/","name":"Latvia","description":"Just another AFS International Platform Sites site","potentialAction":[{"@type":"SearchAction","target":{"@type":"EntryPoint","urlTemplate":"https:\/\/afs.lv\/ru\/?s={search_term_string}"},"query-input":{"@type":"PropertyValueSpecification","valueRequired":true,"valueName":"search_term_string"}}],"inLanguage":"ru-RU"}]}},"_links":{"self":[{"href":"https:\/\/afs.lv\/ru\/wp-json\/wp\/v2\/pages\/4290","targetHints":{"allow":["GET"]}}],"collection":[{"href":"https:\/\/afs.lv\/ru\/wp-json\/wp\/v2\/pages"}],"about":[{"href":"https:\/\/afs.lv\/ru\/wp-json\/wp\/v2\/types\/page"}],"author":[{"embeddable":true,"href":"https:\/\/afs.lv\/ru\/wp-json\/wp\/v2\/users\/83"}],"replies":[{"embeddable":true,"href":"https:\/\/afs.lv\/ru\/wp-json\/wp\/v2\/comments?post=4290"}],"version-history":[{"count":3,"href":"https:\/\/afs.lv\/ru\/wp-json\/wp\/v2\/pages\/4290\/revisions"}],"predecessor-version":[{"id":14490,"href":"https:\/\/afs.lv\/ru\/wp-json\/wp\/v2\/pages\/4290\/revisions\/14490"}],"wp:attachment":[{"href":"https:\/\/afs.lv\/ru\/wp-json\/wp\/v2\/media?parent=4290"}],"curies":[{"name":"wp","href":"https:\/\/api.w.org\/{rel}","templated":true}]}}