{"id":5627,"date":"2017-12-13T13:59:12","date_gmt":"2017-12-13T11:59:12","guid":{"rendered":"http:\/\/latvia.afssite.afs.org\/ru\/stipendijas\/"},"modified":"2020-11-02T14:23:46","modified_gmt":"2020-11-02T12:23:46","slug":"stipendijas","status":"publish","type":"page","link":"https:\/\/afs.lv\/ru\/stipendijas\/","title":{"rendered":"Stipendiju konkurss"},"content":{"rendered":"<p>Bezpe\u013c\u0146as organiz\u0101cijas \u201cAFS Latvija\u201d Starpkult\u016bru programmas\u201d da\u013c\u0113jo stipendiju konkurss (2020.\/2021. m\u0101c\u012bbu gads)<\/p>\n<p><strong>NOLIKUMS<\/strong><\/p>\n<p><strong>1. \u201cAFS Latvija\u201d (turpm\u0101k \u2013 AFS) sadarb\u012bb\u0101 ar AFS partnervalst\u012bm Latvijas vidusskolniekiem pied\u0101v\u0101 tr\u012bs da\u013c\u0113j\u0101s stipendijas:<br \/>\n<\/strong>&#8212; 2000 EUR apm\u0113r\u0101 vienam m\u0101c\u012bbu gadam vidusskol\u0101 It\u0101lij\u0101;<br \/>\n&#8212; 2000 EUR apm\u0113r\u0101 vienam m\u0101c\u012bbu gadam vidusskol\u0101 Kostarik\u0101;<br \/>\n&#8212; 1800 EUR apm\u0113r\u0101 vienam semestrim vidusskol\u0101 Jap\u0101n\u0101.<\/p>\n<p><strong>Da\u013c\u0113j\u0101 stipendija paredz, ka kandid\u0101tam j\u0101sedz atlikus\u012b programmas dal\u012bbas maksa \u0161\u0101d\u0101 apm\u0113r\u0101:<\/strong><br \/>\n&#8212; It\u0101lija \u2013 4800 EUR;<br \/>\n&#8212; Kostarika \u2013 6900 EUR;<br \/>\n&#8212; Jap\u0101na \u2013 5000 EUR.<\/p>\n<ul>\n<li>Stipendi\u0101tam ir j\u0101b\u016bt gatavam piedal\u012bties AFS r\u012bkotajos pas\u0101kumos, kuros var tikt l\u016bgts p\u0101rst\u0101v\u0113t Latviju, k\u0101 ar\u012b, atgrie\u017eoties Latvij\u0101, turpin\u0101t sadarb\u012bbu ar AFS;<\/li>\n<li>Stipendi\u0101tam 4 reizes m\u0101c\u012bbu gada laik\u0101 (2 reizes semestra programm\u0101) laik\u0101 ir j\u0101sniedz atskaite par savu dal\u012bbu programm\u0101.<\/li>\n<\/ul>\n<p><strong>2. Stipendija sedz:<\/strong><br \/>\n\u2022 dz\u012bvo\u0161anu r\u016bp\u012bgi izmekl\u0113t\u0101 vies\u0123imen\u0113;<br \/>\n\u2022 sagatavo\u0161an\u0101s materi\u0101lus dal\u012bbai programm\u0101;<br \/>\n\u2022 sagatavo\u0161anu pirms aizbrauk\u0161anas;<br \/>\n\u2022 orient\u0101cijas nometnes viesvalst\u012b;<br \/>\n\u2022 AFS darbinieku un br\u012bvpr\u0101t\u012bgu atbalstu viesvalst\u012b;<br \/>\n\u2022 sekund\u0101ro medic\u012bnas apdro\u0161in\u0101\u0161anu;<br \/>\n\u2022 starptautiskos ce\u013ca izdevumus;<br \/>\n\u2022 ce\u013ca izdevumus no m\u0101jas l\u012bdz skolai un atpaka\u013c (viesvalst\u012b);<br \/>\n\u2022 ce\u013ca izdevumus, lai apmekl\u0113tu oblig\u0101tos AFS pas\u0101kumus (viesvalst\u012b);<br \/>\n\u2022 m\u0101c\u012bbu gr\u0101matas oblig\u0101tajiem m\u0101c\u012bbu priek\u0161metiem skol\u0101.<\/p>\n<p><strong>3. Vecuma ierobe\u017eojumi<\/strong><\/p>\n<p>\u2022 Stipendija tiek pie\u0161\u0137irta jaunietim\/-ei vecum\u0101 no 14 \u2013 17 gadiem.<\/p>\n<p>\u2022 Lai pieteiktos uz stipendiju noteikt\u0101 valst\u012b ir j\u0101b\u016bt dzimu\u0161am:<br \/>\n1) It\u0101lija &#8212; 2002. gada 4. decembris l\u012bdz 2005. gada 4. j\u016bnijs;<br \/>\n2) Kostarika \u2013 2003. gada 24. j\u016blijs l\u012bdz 2005. gada 24. j\u016blijs;<br \/>\n3) Jap\u0101na \u2013 2003. gada 28. apr\u012blis l\u012bdz 2005. gada 28. marts.<\/p>\n<p><strong>4. Krit\u0113riji stipendi\u0101tu atlasei:<\/strong><br \/>\n\u2022 skaidra motiv\u0101cija un augsta atbild\u012bbas saj\u016bta;<br \/>\n\u2022 v\u0113lme un sp\u0113ja adapt\u0113ties sve\u0161\u0101 vid\u0113;<br \/>\n\u2022 interese par viesvalsts valodu, v\u0113sturi, kult\u016bru, \u0123eogr\u0101fiju;<br \/>\n\u2022 labas sekmes m\u0101c\u012bb\u0101s (tiek v\u0113rt\u0113ta vid\u0113j\u0101 atz\u012bme);<br \/>\n\u2022 l\u012bdz\u0161in\u0113j\u0101 darb\u012bba AFS organiz\u0101cij\u0101 tiek uzskat\u012bta par priek\u0161roc\u012bbu (br\u012bvpr\u0101t\u012bgais, biedrs, vies\u0123imene);<br \/>\n\u2022 priorit\u0101te kandid\u0101tiem ar ierobe\u017eotiem soci\u0101li-ekonomiskiem apst\u0101k\u013ciem.<\/p>\n<p><strong>5. Pieteikumu iesnieg\u0161anas k\u0101rt\u012bba<\/strong><br \/>\n\u2022 <strong>L\u012bdz 2020. gada 19.janv\u0101rim<\/strong> stipendiju kandid\u0101tiem j\u0101re\u0123istr\u0113jas \u201cAFS Latvija\u201d m\u0101jas lap\u0101 &#8212; j\u0101aizpilda pieteikuma anketa <a href=\"http:\/\/afs.lv\/pieteikties-macibam-arzemes\">afs.lv\/pieteikties-macibam-arzemes<\/a>, izv\u0113loties konkr\u0113ti interes\u0113jo\u0161o valsti un programmu, k\u0101 ar\u012b oblig\u0101ti nor\u0101dot savu kontakttelefona numuru.<br \/>\n\u2022 P\u0113c pieteik\u0161an\u0101s \u201cAFS Latvija\u201d p\u0101rst\u0101vji tuv\u0101ko dienu laik\u0101 sazin\u0101sies ar dal\u012bbnieku telefoniski, lai noskaidrotu dal\u012bbnieka motiv\u0101ciju, interesi par dal\u012bbu stipendiju konkurs\u0101. P\u0113c sarunas dal\u012bbniekam vi\u0146a AFS profil\u0101 b\u016bs pieejama piln\u0101 dal\u012bbnieka pieteikuma forma (ietverot kandid\u0101ta motiv\u0101cijas v\u0113stuli un vec\u0101ku ieteikuma v\u0113stuli).<br \/>\n\u2022 <strong>L\u012bdz 2020. gada 2. febru\u0101rim<\/strong> ir j\u0101aizpilda AFS apmai\u0146as programmas dal\u012bbnieka piln\u0101 pieteikuma forma. Pieteikuma form\u0101 j\u0101sniedz zi\u0146as par sevi, savu \u0123imeni, j\u0101aizpilda anket\u0101 nor\u0101d\u012btie lauki, k\u0101 ar\u012b j\u0101pievieno kandid\u0101ta motiv\u0101cijas v\u0113stule ang\u013cu valod\u0101 dal\u012bbai apmai\u0146as programm\u0101 (jaut\u0101jumi pievienoti nolikuma beig\u0101s), fotogr\u0101fijas, k\u0101 ar\u012b vec\u0101ku ieteikuma v\u0113stule latvie\u0161u valod\u0101 (jaut\u0101jumi pievienoti nolikuma beig\u0101s) un aizpild\u012bta skolas forma, kas ietver iepriek\u0161\u0113jo divu m\u0101c\u012bbu gadu atz\u012bmes un rekomend\u0101cijas v\u0113stuli ang\u013cu valod\u0101.<\/p>\n<p><strong>6. Konkursa norises gaita:<\/strong><br \/>\n1. k\u0101rta \u2013 iesniegto pieteikumu izskat\u012b\u0161ana un izv\u0113rt\u0113\u0161ana atbilsto\u0161i izvirz\u012btajiem krit\u0113rijiem.<br \/>\n2. k\u0101rta &#8212; tik\u0161an\u0101s ar kandid\u0101tiem \u201cAFS Latvija\u201d biroj\u0101, uzaicin\u0101jums tiks nos\u016bt\u012bts elektroniski l\u012bdz 2020. gada 10. febru\u0101rim uz dal\u012bbnieka nor\u0101d\u012bto e-pasta adresi.<br \/>\n3. k\u0101rta &#8212; lab\u0101ko kandid\u0101tu anketu izv\u0113rt\u0113\u0161ana atbilsto\u0161i izvirz\u012btajiem krit\u0113rijiem.<\/p>\n<p><strong>7. Konkursa rezult\u0101ti<\/strong><br \/>\nAtbildi par stipendijas pie\u0161\u0137ir\u0161anu vai noraid\u012bjumu 2. k\u0101rtas pretendenti sa\u0146em p\u0113c konkursa nosl\u0113guma uz pieteikum\u0101 nor\u0101d\u012bto e-pasta adresi ne v\u0113l\u0101k k\u0101 l\u012bdz 2020. gada 24.febru\u0101rim. Noraid\u012bjuma iemeslu stipendiju konkursa dal\u012bbniekiem nepazi\u0146o.<\/p>\n<p><em>Papildus inform\u0101ciju var ieg\u016bt, zvanot 67280646 vai rakstot info.latvija@afs.org.<\/em><\/p>\n","protected":false},"excerpt":{"rendered":"<p>Bezpe\u013c\u0146as organiz\u0101cijas \u201cAFS Latvija\u201d Starpkult\u016bru programmas\u201d da\u013c\u0113jo stipendiju konkurss (2020.\/2021. m\u0101c\u012bbu gads) NOLIKUMS 1. \u201cAFS Latvija\u201d (turpm\u0101k \u2013 AFS) sadarb\u012bb\u0101&hellip;<\/p>\n","protected":false},"author":83,"featured_media":0,"parent":0,"menu_order":33,"comment_status":"closed","ping_status":"closed","template":"","meta":{"footnotes":""},"class_list":["post-5627","page","type-page","status-publish","hentry"],"yoast_head":"<!-- This site is optimized with the Yoast SEO plugin v26.6 - https:\/\/yoast.com\/wordpress\/plugins\/seo\/ -->\n<title>Stipendiju konkurss apmai\u0146as programmai<\/title>\n<meta name=\"description\" content=\"Piedalies da\u013c\u0113jo stipendiju konkursam m\u0101c\u012bb\u0101m D\u0101nij\u0101, It\u0101lij\u0101 vai Kostarik\u0101. Pieteik\u0161an\u0101s l\u012bdz 2019. gada 5. janv\u0101rim. Piesakies jau tagad!\" \/>\n<meta name=\"robots\" content=\"index, follow, max-snippet:-1, max-image-preview:large, max-video-preview:-1\" \/>\n<link rel=\"canonical\" href=\"https:\/\/afs.lv\/ru\/stipendijas\/\" \/>\n<meta property=\"og:locale\" content=\"ru_RU\" \/>\n<meta property=\"og:type\" content=\"article\" \/>\n<meta property=\"og:title\" content=\"Stipendiju konkurss apmai\u0146as programmai\" \/>\n<meta property=\"og:description\" content=\"Piedalies da\u013c\u0113jo stipendiju konkursam m\u0101c\u012bb\u0101m D\u0101nij\u0101, It\u0101lij\u0101 vai Kostarik\u0101. Pieteik\u0161an\u0101s l\u012bdz 2019. gada 5. janv\u0101rim. Piesakies jau tagad!\" \/>\n<meta property=\"og:url\" content=\"https:\/\/afs.lv\/ru\/stipendijas\/\" \/>\n<meta property=\"og:site_name\" content=\"Latvia\" \/>\n<meta property=\"article:modified_time\" content=\"2020-11-02T12:23:46+00:00\" \/>\n<meta name=\"twitter:card\" content=\"summary_large_image\" \/>\n<meta name=\"twitter:label1\" content=\"Est. reading time\" \/>\n\t<meta name=\"twitter:data1\" content=\"4 minutes\" \/>\n<script type=\"application\/ld+json\" class=\"yoast-schema-graph\">{\"@context\":\"https:\/\/schema.org\",\"@graph\":[{\"@type\":\"WebPage\",\"@id\":\"https:\/\/afs.lv\/ru\/stipendijas\/\",\"url\":\"https:\/\/afs.lv\/ru\/stipendijas\/\",\"name\":\"Stipendiju konkurss apmai\u0146as programmai\",\"isPartOf\":{\"@id\":\"https:\/\/afs.lv\/ru\/#website\"},\"datePublished\":\"2017-12-13T11:59:12+00:00\",\"dateModified\":\"2020-11-02T12:23:46+00:00\",\"description\":\"Piedalies da\u013c\u0113jo stipendiju konkursam m\u0101c\u012bb\u0101m D\u0101nij\u0101, It\u0101lij\u0101 vai Kostarik\u0101. Pieteik\u0161an\u0101s l\u012bdz 2019. gada 5. janv\u0101rim. Piesakies jau tagad!\",\"breadcrumb\":{\"@id\":\"https:\/\/afs.lv\/ru\/stipendijas\/#breadcrumb\"},\"inLanguage\":\"ru-RU\",\"potentialAction\":[{\"@type\":\"ReadAction\",\"target\":[\"https:\/\/afs.lv\/ru\/stipendijas\/\"]}]},{\"@type\":\"BreadcrumbList\",\"@id\":\"https:\/\/afs.lv\/ru\/stipendijas\/#breadcrumb\",\"itemListElement\":[{\"@type\":\"ListItem\",\"position\":1,\"name\":\"Home\",\"item\":\"https:\/\/afs.lv\/ru\/\"},{\"@type\":\"ListItem\",\"position\":2,\"name\":\"Stipendiju konkurss\"}]},{\"@type\":\"WebSite\",\"@id\":\"https:\/\/afs.lv\/ru\/#website\",\"url\":\"https:\/\/afs.lv\/ru\/\",\"name\":\"Latvia\",\"description\":\"Just another AFS International Platform Sites site\",\"potentialAction\":[{\"@type\":\"SearchAction\",\"target\":{\"@type\":\"EntryPoint\",\"urlTemplate\":\"https:\/\/afs.lv\/ru\/?s={search_term_string}\"},\"query-input\":{\"@type\":\"PropertyValueSpecification\",\"valueRequired\":true,\"valueName\":\"search_term_string\"}}],\"inLanguage\":\"ru-RU\"}]}<\/script>\n<!-- \/ Yoast SEO plugin. -->","yoast_head_json":{"title":"Stipendiju konkurss apmai\u0146as programmai","description":"Piedalies da\u013c\u0113jo stipendiju konkursam m\u0101c\u012bb\u0101m D\u0101nij\u0101, It\u0101lij\u0101 vai Kostarik\u0101. Pieteik\u0161an\u0101s l\u012bdz 2019. gada 5. janv\u0101rim. Piesakies jau tagad!","robots":{"index":"index","follow":"follow","max-snippet":"max-snippet:-1","max-image-preview":"max-image-preview:large","max-video-preview":"max-video-preview:-1"},"canonical":"https:\/\/afs.lv\/ru\/stipendijas\/","og_locale":"ru_RU","og_type":"article","og_title":"Stipendiju konkurss apmai\u0146as programmai","og_description":"Piedalies da\u013c\u0113jo stipendiju konkursam m\u0101c\u012bb\u0101m D\u0101nij\u0101, It\u0101lij\u0101 vai Kostarik\u0101. Pieteik\u0161an\u0101s l\u012bdz 2019. gada 5. janv\u0101rim. Piesakies jau tagad!","og_url":"https:\/\/afs.lv\/ru\/stipendijas\/","og_site_name":"Latvia","article_modified_time":"2020-11-02T12:23:46+00:00","twitter_card":"summary_large_image","twitter_misc":{"Est. reading time":"4 minutes"},"schema":{"@context":"https:\/\/schema.org","@graph":[{"@type":"WebPage","@id":"https:\/\/afs.lv\/ru\/stipendijas\/","url":"https:\/\/afs.lv\/ru\/stipendijas\/","name":"Stipendiju konkurss apmai\u0146as programmai","isPartOf":{"@id":"https:\/\/afs.lv\/ru\/#website"},"datePublished":"2017-12-13T11:59:12+00:00","dateModified":"2020-11-02T12:23:46+00:00","description":"Piedalies da\u013c\u0113jo stipendiju konkursam m\u0101c\u012bb\u0101m D\u0101nij\u0101, It\u0101lij\u0101 vai Kostarik\u0101. Pieteik\u0161an\u0101s l\u012bdz 2019. gada 5. janv\u0101rim. Piesakies jau tagad!","breadcrumb":{"@id":"https:\/\/afs.lv\/ru\/stipendijas\/#breadcrumb"},"inLanguage":"ru-RU","potentialAction":[{"@type":"ReadAction","target":["https:\/\/afs.lv\/ru\/stipendijas\/"]}]},{"@type":"BreadcrumbList","@id":"https:\/\/afs.lv\/ru\/stipendijas\/#breadcrumb","itemListElement":[{"@type":"ListItem","position":1,"name":"Home","item":"https:\/\/afs.lv\/ru\/"},{"@type":"ListItem","position":2,"name":"Stipendiju konkurss"}]},{"@type":"WebSite","@id":"https:\/\/afs.lv\/ru\/#website","url":"https:\/\/afs.lv\/ru\/","name":"Latvia","description":"Just another AFS International Platform Sites site","potentialAction":[{"@type":"SearchAction","target":{"@type":"EntryPoint","urlTemplate":"https:\/\/afs.lv\/ru\/?s={search_term_string}"},"query-input":{"@type":"PropertyValueSpecification","valueRequired":true,"valueName":"search_term_string"}}],"inLanguage":"ru-RU"}]}},"_links":{"self":[{"href":"https:\/\/afs.lv\/ru\/wp-json\/wp\/v2\/pages\/5627","targetHints":{"allow":["GET"]}}],"collection":[{"href":"https:\/\/afs.lv\/ru\/wp-json\/wp\/v2\/pages"}],"about":[{"href":"https:\/\/afs.lv\/ru\/wp-json\/wp\/v2\/types\/page"}],"author":[{"embeddable":true,"href":"https:\/\/afs.lv\/ru\/wp-json\/wp\/v2\/users\/83"}],"replies":[{"embeddable":true,"href":"https:\/\/afs.lv\/ru\/wp-json\/wp\/v2\/comments?post=5627"}],"version-history":[{"count":14,"href":"https:\/\/afs.lv\/ru\/wp-json\/wp\/v2\/pages\/5627\/revisions"}],"predecessor-version":[{"id":11166,"href":"https:\/\/afs.lv\/ru\/wp-json\/wp\/v2\/pages\/5627\/revisions\/11166"}],"wp:attachment":[{"href":"https:\/\/afs.lv\/ru\/wp-json\/wp\/v2\/media?parent=5627"}],"curies":[{"name":"wp","href":"https:\/\/api.w.org\/{rel}","templated":true}]}}