{"id":7809,"date":"2019-04-15T15:48:53","date_gmt":"2019-04-15T12:48:53","guid":{"rendered":"https:\/\/latvia.afssite.afs.org\/ru\/viesskoleni2019-2020\/"},"modified":"2020-08-06T15:37:16","modified_gmt":"2020-08-06T12:37:16","slug":"viesskoleni2020-2021","status":"publish","type":"page","link":"https:\/\/afs.lv\/ru\/viesskoleni2020-2021\/","title":{"rendered":"\u0423\u0447\u0435\u043d\u0438\u043a\u0438 \u0432 2020\/2021 \u0443\u0447\u0435\u0431\u043d\u043e\u043c \u0433\u043e\u0434\u0443"},"content":{"rendered":"","protected":false},"excerpt":{"rendered":"","protected":false},"author":83,"featured_media":0,"parent":0,"menu_order":6,"comment_status":"closed","ping_status":"closed","template":"","meta":{"footnotes":""},"class_list":["post-7809","page","type-page","status-publish","hentry"],"yoast_head":"<!-- This site is optimized with the Yoast SEO plugin v26.6 - https:\/\/yoast.com\/wordpress\/plugins\/seo\/ -->\n<title>\u0423\u0447\u0435\u043d\u0438\u043a\u0438 \u0432 2020\/2021 \u0443\u0447\u0435\u0431\u043d\u043e\u043c \u0433\u043e\u0434\u0443 - Latvia<\/title>\n<meta name=\"description\" content=\"AFS Latvija mekl\u0113 vies\u0123imenes skol\u0113niem no da\u017e\u0101d\u0101m valst\u012bm. Pieteikties var jebkura \u0123imene, kuru interes\u0113 citas kult\u016bras un iesp\u0113ja dal\u012bties ar savu.\" \/>\n<meta name=\"robots\" content=\"index, follow, max-snippet:-1, max-image-preview:large, max-video-preview:-1\" \/>\n<link rel=\"canonical\" href=\"https:\/\/afs.lv\/ru\/viesskoleni2020-2021\/\" \/>\n<meta property=\"og:locale\" content=\"ru_RU\" \/>\n<meta property=\"og:type\" content=\"article\" \/>\n<meta property=\"og:title\" content=\"\u0423\u0447\u0435\u043d\u0438\u043a\u0438 \u0432 2020\/2021 \u0443\u0447\u0435\u0431\u043d\u043e\u043c \u0433\u043e\u0434\u0443 - Latvia\" \/>\n<meta property=\"og:description\" content=\"AFS Latvija mekl\u0113 vies\u0123imenes skol\u0113niem no da\u017e\u0101d\u0101m valst\u012bm. Pieteikties var jebkura \u0123imene, kuru interes\u0113 citas kult\u016bras un iesp\u0113ja dal\u012bties ar savu.\" \/>\n<meta property=\"og:url\" content=\"https:\/\/afs.lv\/ru\/viesskoleni2020-2021\/\" \/>\n<meta property=\"og:site_name\" content=\"Latvia\" \/>\n<meta property=\"article:modified_time\" content=\"2020-08-06T12:37:16+00:00\" \/>\n<meta name=\"twitter:card\" content=\"summary_large_image\" \/>\n<script type=\"application\/ld+json\" class=\"yoast-schema-graph\">{\"@context\":\"https:\/\/schema.org\",\"@graph\":[{\"@type\":\"WebPage\",\"@id\":\"https:\/\/afs.lv\/ru\/viesskoleni2020-2021\/\",\"url\":\"https:\/\/afs.lv\/ru\/viesskoleni2020-2021\/\",\"name\":\"\u0423\u0447\u0435\u043d\u0438\u043a\u0438 \u0432 2020\/2021 \u0443\u0447\u0435\u0431\u043d\u043e\u043c \u0433\u043e\u0434\u0443 - Latvia\",\"isPartOf\":{\"@id\":\"https:\/\/afs.lv\/ru\/#website\"},\"datePublished\":\"2019-04-15T12:48:53+00:00\",\"dateModified\":\"2020-08-06T12:37:16+00:00\",\"description\":\"AFS Latvija mekl\u0113 vies\u0123imenes skol\u0113niem no da\u017e\u0101d\u0101m valst\u012bm. Pieteikties var jebkura \u0123imene, kuru interes\u0113 citas kult\u016bras un iesp\u0113ja dal\u012bties ar savu.\",\"breadcrumb\":{\"@id\":\"https:\/\/afs.lv\/ru\/viesskoleni2020-2021\/#breadcrumb\"},\"inLanguage\":\"ru-RU\",\"potentialAction\":[{\"@type\":\"ReadAction\",\"target\":[\"https:\/\/afs.lv\/ru\/viesskoleni2020-2021\/\"]}]},{\"@type\":\"BreadcrumbList\",\"@id\":\"https:\/\/afs.lv\/ru\/viesskoleni2020-2021\/#breadcrumb\",\"itemListElement\":[{\"@type\":\"ListItem\",\"position\":1,\"name\":\"Home\",\"item\":\"https:\/\/afs.lv\/ru\/\"},{\"@type\":\"ListItem\",\"position\":2,\"name\":\"\u0423\u0447\u0435\u043d\u0438\u043a\u0438 \u0432 2020\/2021 \u0443\u0447\u0435\u0431\u043d\u043e\u043c \u0433\u043e\u0434\u0443\"}]},{\"@type\":\"WebSite\",\"@id\":\"https:\/\/afs.lv\/ru\/#website\",\"url\":\"https:\/\/afs.lv\/ru\/\",\"name\":\"Latvia\",\"description\":\"Just another AFS International Platform Sites site\",\"potentialAction\":[{\"@type\":\"SearchAction\",\"target\":{\"@type\":\"EntryPoint\",\"urlTemplate\":\"https:\/\/afs.lv\/ru\/?s={search_term_string}\"},\"query-input\":{\"@type\":\"PropertyValueSpecification\",\"valueRequired\":true,\"valueName\":\"search_term_string\"}}],\"inLanguage\":\"ru-RU\"}]}<\/script>\n<!-- \/ Yoast SEO plugin. -->","yoast_head_json":{"title":"\u0423\u0447\u0435\u043d\u0438\u043a\u0438 \u0432 2020\/2021 \u0443\u0447\u0435\u0431\u043d\u043e\u043c \u0433\u043e\u0434\u0443 - Latvia","description":"AFS Latvija mekl\u0113 vies\u0123imenes skol\u0113niem no da\u017e\u0101d\u0101m valst\u012bm. Pieteikties var jebkura \u0123imene, kuru interes\u0113 citas kult\u016bras un iesp\u0113ja dal\u012bties ar savu.","robots":{"index":"index","follow":"follow","max-snippet":"max-snippet:-1","max-image-preview":"max-image-preview:large","max-video-preview":"max-video-preview:-1"},"canonical":"https:\/\/afs.lv\/ru\/viesskoleni2020-2021\/","og_locale":"ru_RU","og_type":"article","og_title":"\u0423\u0447\u0435\u043d\u0438\u043a\u0438 \u0432 2020\/2021 \u0443\u0447\u0435\u0431\u043d\u043e\u043c \u0433\u043e\u0434\u0443 - Latvia","og_description":"AFS Latvija mekl\u0113 vies\u0123imenes skol\u0113niem no da\u017e\u0101d\u0101m valst\u012bm. Pieteikties var jebkura \u0123imene, kuru interes\u0113 citas kult\u016bras un iesp\u0113ja dal\u012bties ar savu.","og_url":"https:\/\/afs.lv\/ru\/viesskoleni2020-2021\/","og_site_name":"Latvia","article_modified_time":"2020-08-06T12:37:16+00:00","twitter_card":"summary_large_image","schema":{"@context":"https:\/\/schema.org","@graph":[{"@type":"WebPage","@id":"https:\/\/afs.lv\/ru\/viesskoleni2020-2021\/","url":"https:\/\/afs.lv\/ru\/viesskoleni2020-2021\/","name":"\u0423\u0447\u0435\u043d\u0438\u043a\u0438 \u0432 2020\/2021 \u0443\u0447\u0435\u0431\u043d\u043e\u043c \u0433\u043e\u0434\u0443 - Latvia","isPartOf":{"@id":"https:\/\/afs.lv\/ru\/#website"},"datePublished":"2019-04-15T12:48:53+00:00","dateModified":"2020-08-06T12:37:16+00:00","description":"AFS Latvija mekl\u0113 vies\u0123imenes skol\u0113niem no da\u017e\u0101d\u0101m valst\u012bm. Pieteikties var jebkura \u0123imene, kuru interes\u0113 citas kult\u016bras un iesp\u0113ja dal\u012bties ar savu.","breadcrumb":{"@id":"https:\/\/afs.lv\/ru\/viesskoleni2020-2021\/#breadcrumb"},"inLanguage":"ru-RU","potentialAction":[{"@type":"ReadAction","target":["https:\/\/afs.lv\/ru\/viesskoleni2020-2021\/"]}]},{"@type":"BreadcrumbList","@id":"https:\/\/afs.lv\/ru\/viesskoleni2020-2021\/#breadcrumb","itemListElement":[{"@type":"ListItem","position":1,"name":"Home","item":"https:\/\/afs.lv\/ru\/"},{"@type":"ListItem","position":2,"name":"\u0423\u0447\u0435\u043d\u0438\u043a\u0438 \u0432 2020\/2021 \u0443\u0447\u0435\u0431\u043d\u043e\u043c \u0433\u043e\u0434\u0443"}]},{"@type":"WebSite","@id":"https:\/\/afs.lv\/ru\/#website","url":"https:\/\/afs.lv\/ru\/","name":"Latvia","description":"Just another AFS International Platform Sites site","potentialAction":[{"@type":"SearchAction","target":{"@type":"EntryPoint","urlTemplate":"https:\/\/afs.lv\/ru\/?s={search_term_string}"},"query-input":{"@type":"PropertyValueSpecification","valueRequired":true,"valueName":"search_term_string"}}],"inLanguage":"ru-RU"}]}},"_links":{"self":[{"href":"https:\/\/afs.lv\/ru\/wp-json\/wp\/v2\/pages\/7809","targetHints":{"allow":["GET"]}}],"collection":[{"href":"https:\/\/afs.lv\/ru\/wp-json\/wp\/v2\/pages"}],"about":[{"href":"https:\/\/afs.lv\/ru\/wp-json\/wp\/v2\/types\/page"}],"author":[{"embeddable":true,"href":"https:\/\/afs.lv\/ru\/wp-json\/wp\/v2\/users\/83"}],"replies":[{"embeddable":true,"href":"https:\/\/afs.lv\/ru\/wp-json\/wp\/v2\/comments?post=7809"}],"version-history":[{"count":212,"href":"https:\/\/afs.lv\/ru\/wp-json\/wp\/v2\/pages\/7809\/revisions"}],"predecessor-version":[{"id":10440,"href":"https:\/\/afs.lv\/ru\/wp-json\/wp\/v2\/pages\/7809\/revisions\/10440"}],"wp:attachment":[{"href":"https:\/\/afs.lv\/ru\/wp-json\/wp\/v2\/media?parent=7809"}],"curies":[{"name":"wp","href":"https:\/\/api.w.org\/{rel}","templated":true}]}}